{"id":2,"date":"2019-08-28T15:41:52","date_gmt":"2019-08-28T13:41:52","guid":{"rendered":"http:\/\/localhost:8888\/blogs-protestants\/?page_id=2"},"modified":"2020-06-29T13:48:32","modified_gmt":"2020-06-29T11:48:32","slug":"accueil","status":"publish","type":"page","link":"https:\/\/blog.regardsprotestants.com\/untourdesarts\/","title":{"rendered":"Un boutique en ligne pour les adorateurs en mouvements"},"content":{"rendered":"\n<p>La boutique en ligne <a href=\"https:\/\/destineecreation.com\/\">Destin\u00e9e Cr\u00e9ation<\/a> est accessible depuis le lundi 29 juin. <br>Qu&rsquo;y trouve-t-on ? Tout l&rsquo;apanage des adorateurs par la cr\u00e9ation. <br><br>Vous \u00eates danseurs, mimes ou encore banni\u00e8ristes, vous vous demandez o\u00f9 trouver la tenue id\u00e9ale et l\u2019ensemble des accessoires pour l\u2019expression de vos dons et de vos talents alors nous vous invitons \u00e0 jeter un oeil sur le <a href=\"https:\/\/destineecreation.com\/\">site internet<\/a>. <br>Des banni\u00e8res de toutes les couleurs, tailles et symboles sp\u00e9cifiques vous y attendent, ainsi qu&rsquo;une gamme de tuniques homme &amp; femme. <br>Un espace est aussi laiss\u00e9 \u00e0 une s\u00e9rie de tableau dit \u00ab\u00a0proph\u00e9tique\u00a0\u00bb, unique et peint \u00e0 la main. <\/p>\n\n\n\n<p>Contactez directement les fournisseurs \u00e0 l&rsquo;adresse : <br>contact@destineecreation.com<\/p>\n\n\n\n<p>R\u00e9seaux sociaux : @destineecreation\u00a0&#8211; <a href=\"https:\/\/www.facebook.com\/destineecreation\">FaceBook <\/a>&#8212; <a href=\"https:\/\/www.instagram.com\/destineecreation\/\">Instagram<\/a> &#8211; <\/p>\n","protected":false},"excerpt":{"rendered":"<p>La boutique en ligne Destin\u00e9e Cr\u00e9ation est accessible depuis le lundi 29 juin. Qu&rsquo;y trouve-t-on ? Tout l&rsquo;apanage des adorateurs&#8230;<\/p>\n","protected":false},"author":1,"featured_media":187,"parent":0,"menu_order":0,"comment_status":"closed","ping_status":"closed","template":"","meta":[],"_links":{"self":[{"href":"https:\/\/blog.regardsprotestants.com\/untourdesarts\/wp-json\/wp\/v2\/pages\/2"}],"collection":[{"href":"https:\/\/blog.regardsprotestants.com\/untourdesarts\/wp-json\/wp\/v2\/pages"}],"about":[{"href":"https:\/\/blog.regardsprotestants.com\/untourdesarts\/wp-json\/wp\/v2\/types\/page"}],"author":[{"embeddable":true,"href":"https:\/\/blog.regardsprotestants.com\/untourdesarts\/wp-json\/wp\/v2\/users\/1"}],"replies":[{"embeddable":true,"href":"https:\/\/blog.regardsprotestants.com\/untourdesarts\/wp-json\/wp\/v2\/comments?post=2"}],"version-history":[{"count":4,"href":"https:\/\/blog.regardsprotestants.com\/untourdesarts\/wp-json\/wp\/v2\/pages\/2\/revisions"}],"predecessor-version":[{"id":486,"href":"https:\/\/blog.regardsprotestants.com\/untourdesarts\/wp-json\/wp\/v2\/pages\/2\/revisions\/486"}],"wp:featuredmedia":[{"embeddable":true,"href":"https:\/\/blog.regardsprotestants.com\/untourdesarts\/wp-json\/wp\/v2\/media\/187"}],"wp:attachment":[{"href":"https:\/\/blog.regardsprotestants.com\/untourdesarts\/wp-json\/wp\/v2\/media?parent=2"}],"curies":[{"name":"wp","href":"https:\/\/api.w.org\/{rel}","templated":true}]}}