{"id":4,"date":"2016-09-27T09:50:10","date_gmt":"2016-09-27T07:50:10","guid":{"rendered":"http:\/\/blog.regardsprotestants.com\/regardssurlesparoisses\/?page_id=4"},"modified":"2018-07-19T17:38:15","modified_gmt":"2018-07-19T15:38:15","slug":"a-propos","status":"publish","type":"page","link":"https:\/\/blog.regardsprotestants.com\/regardssurlesparoisses\/a-propos\/","title":{"rendered":"\u00c0 propos"},"content":{"rendered":"<p><strong>Saviez-vous que la France protestante comptait pr\u00e8s de 3 000 paroisses ?<\/strong><\/p>\n<p>Plus connue pour ses quelque 46 000 clochers catholiques, la France abrite \u00e9galement pr\u00e8s de trois mille paroisses, de l\u2019Eglise Protestante Unie et de l\u2019Eglise \u00e9vang\u00e9lique, membres de la F\u00e9d\u00e9ration protestante ou non. Un d\u00e9s\u00e9quilibre quantitatif li\u00e9 aux tours et d\u00e9tours de l\u2019histoire protestante fran\u00e7aise. Autant de paroisses install\u00e9es un peu partout en France. Dans les r\u00e9gions protestantes historiques telles que l\u2019Alsace, le B\u00e9arn, les C\u00e9vennes ou bien encore le Poitou-Charentes. Dans les grandes villes, notamment \u00e0 Paris, Lyon ou Bordeaux. Mais aussi dans des villages ou petites villes, diss\u00e9min\u00e9es ici et l\u00e0, paroisses n\u00e9es de l\u2019histoire ou plus r\u00e9cemment de la pr\u00e9dication de missionnaires.<\/p>\n<p><b>Le blog <em>Regards sur\u00a0les paroisses<\/em>\u00a0a pour ambition\u00a0de vous faire d\u00e9couvrir ces paroisses protestantes fran\u00e7aises<\/b>. Et de raconter leur histoire, de pr\u00e9senter leurs activit\u00e9s \u00e0 travers le t\u00e9moignage de leurs pasteurs et membres. Tout en montrant leurs talents pour s\u2019adapter aux nouveaux contextes sociologiques du 21\u00e8me si\u00e8cle. D\u00e9fi que ces paroisses rel\u00e8vent avec passion et d\u00e9termination. Partons sur un nouveau chemin des Huguenots\u2026<\/p>\n<p>Pour nous joindre :<br \/>\nMarie Piat : <a href=\"mailto:mlejeunepiat@gmail.com\">mlejeunepiat@gmail.com<\/a><\/p>\n","protected":false},"excerpt":{"rendered":"<p>Saviez-vous que la France protestante comptait pr\u00e8s de 3 000 paroisses ? Plus connue pour ses quelque 46 000 clochers catholiques, la France abrite \u00e9galement pr\u00e8s de trois mille paroisses, de l\u2019Eglise Protestante Unie et de l\u2019Eglise \u00e9vang\u00e9lique, membres de la F\u00e9d\u00e9ration protestante ou non. Un d\u00e9s\u00e9quilibre quantitatif li\u00e9 aux tours et d\u00e9tours de l\u2019histoire [&hellip;]<\/p>\n","protected":false},"author":1,"featured_media":0,"parent":0,"menu_order":0,"comment_status":"closed","ping_status":"closed","template":"","meta":[],"_links":{"self":[{"href":"https:\/\/blog.regardsprotestants.com\/regardssurlesparoisses\/wp-json\/wp\/v2\/pages\/4"}],"collection":[{"href":"https:\/\/blog.regardsprotestants.com\/regardssurlesparoisses\/wp-json\/wp\/v2\/pages"}],"about":[{"href":"https:\/\/blog.regardsprotestants.com\/regardssurlesparoisses\/wp-json\/wp\/v2\/types\/page"}],"author":[{"embeddable":true,"href":"https:\/\/blog.regardsprotestants.com\/regardssurlesparoisses\/wp-json\/wp\/v2\/users\/1"}],"replies":[{"embeddable":true,"href":"https:\/\/blog.regardsprotestants.com\/regardssurlesparoisses\/wp-json\/wp\/v2\/comments?post=4"}],"version-history":[{"count":13,"href":"https:\/\/blog.regardsprotestants.com\/regardssurlesparoisses\/wp-json\/wp\/v2\/pages\/4\/revisions"}],"predecessor-version":[{"id":208,"href":"https:\/\/blog.regardsprotestants.com\/regardssurlesparoisses\/wp-json\/wp\/v2\/pages\/4\/revisions\/208"}],"wp:attachment":[{"href":"https:\/\/blog.regardsprotestants.com\/regardssurlesparoisses\/wp-json\/wp\/v2\/media?parent=4"}],"curies":[{"name":"wp","href":"https:\/\/api.w.org\/{rel}","templated":true}]}}