{"id":29,"date":"2019-09-03T12:08:14","date_gmt":"2019-09-03T10:08:14","guid":{"rendered":"http:\/\/localhost:8888\/blogs-protestants\/?page_id=29"},"modified":"2019-09-12T18:08:19","modified_gmt":"2019-09-12T16:08:19","slug":"politique-de-confidentialite-2","status":"publish","type":"page","link":"https:\/\/blog.regardsprotestants.com\/lespriteuropeen\/politique-de-confidentialite-2\/","title":{"rendered":"Politique de confidentialit\u00e9"},"content":{"rendered":"\n<h2>1. Qu\u2019est-ce qu\u2019un cookie ?<\/h2>\n\n\n\n<p>Un cookie est un fichier texte susceptible d\u2019\u00eatre enregistr\u00e9, sous r\u00e9serve de vos choix, dans un espace d\u00e9di\u00e9 du disque dur de votre terminal, \u00e0 l\u2019occasion de la consultation d\u2019un service en ligne gr\u00e2ce \u00e0 votre logiciel de navigation.<\/p>\n\n\n\n<p>Un fichier cookie permet \u00e0 son \u00e9metteur d\u2019identifier le terminal dans lequel il est enregistr\u00e9, pendant la dur\u00e9e de validit\u00e9.<\/p>\n\n\n\n<h2>2. A quoi servent les cookies \u00e9mis sur notre blog ?<\/h2>\n\n\n\n<p>Seul l\u2019\u00e9metteur d\u2019un cookie est susceptible de lire ou de modifier les informations qui y sont contenues.<\/p>\n\n\n\n<p>Les cookies utilis\u00e9s sur notre blog permettent d\u2019identifier les services et rubriques que l\u2019utilisateur a visit\u00e9s, et plus g\u00e9n\u00e9ralement son comportement en mati\u00e8re de visites. Ces informations sont utiles pour mieux personnaliser les services, contenus, offres promotionnelles et banni\u00e8res qui apparaissent sur notre blog et faciliter votre navigation sur notre blog. Des cookies sont \u00e9galement n\u00e9cessaires au bon fonctionnement de certains services ou encore pour mesurer leur audience.<\/p>\n\n\n\n<p>Des cookies sont susceptibles d\u2019\u00eatre inclus dans les banni\u00e8res promotionnelles de notre blog \u00e0 des fins statistiques.<\/p>\n\n\n\n<h3>2.1. Les cookies que nous \u00e9mettons sur notre blog :<\/h3>\n\n\n\n<p>Lorsque vous vous connectez \u00e0 notre blog, nous pouvons \u00eatre amen\u00e9s, sous r\u00e9serve de vos choix, \u00e0 installer divers cookies dans votre terminal nous permettant de reconna\u00eetre le navigateur de votre terminal pendant la dur\u00e9e de validit\u00e9 du cookie concern\u00e9.<\/p>\n\n\n\n<p>Les cookies que nous \u00e9mettons sont utilis\u00e9s aux fins d\u00e9crites ci-dessous, sous r\u00e9serve de vos choix qui r\u00e9sultent des param\u00e8tres de votre logiciel de navigation utilis\u00e9 lors de votre visite de notre blog.<\/p>\n\n\n\n<p>Les cookies que nous \u00e9mettons nous permettent de :<\/p>\n\n\n\n<ul><li><strong> Faciliter votre navigation sur notre blog :<\/strong><\/li><\/ul>\n\n\n\n<p>\u2013 en adaptant la pr\u00e9sentation de notre blog aux pr\u00e9f\u00e9rences d\u2019affichage de votre terminal (langue utilis\u00e9e, r\u00e9solution d\u2019affichage, syst\u00e8me d\u2019exploitation utilis\u00e9, etc) lors de vos visites sur notre blog, selon les mat\u00e9riels et les logiciels de visualisation ou de lecture que votre terminal comporte,<\/p>\n\n\n\n<ul><li>en m\u00e9morisant des informations relatives \u00e0 un formulaire que vous avez rempli sur notre blog (inscription ou acc\u00e8s \u00e0 votre compte) ou \u00e0 des services ou informations que vous avez choisis sur notre blog (service souscrit, contenu consult\u00e9, etc \u2026).<\/li><\/ul>\n\n\n\n<p>\u2013 en mettant en \u0153uvre des mesures de s\u00e9curit\u00e9.<\/p>\n\n\n\n<ul><li><strong> Am\u00e9liorer nos services :<\/strong><\/li><\/ul>\n\n\n\n<p>Ces cookies permettent d\u2019\u00e9tablir des statistiques et volume de fr\u00e9quentation et d\u2019utilisation des divers \u00e9l\u00e9ments composant notre blog (rubriques et contenus visit\u00e9, parcours) afin d\u2019am\u00e9liorer l\u2019int\u00e9r\u00eat et l\u2019ergonomie de nos services. Pour cela, nous utilisons les services tiers de Google Analytics et de Pixel Facebook.<\/p>\n\n\n\n<h3>2.2. Les cookies \u00e9mis sur notre blog par des tiers<\/h3>\n\n\n\n<p>L\u2019\u00e9mission et l\u2019utilisation de cookies par des tiers sont soumises aux politiques de protection de la vie priv\u00e9e de ces tiers. Nous vous informons de l\u2019objet des cookies dont nous avons connaissance et des moyens dont vous disposez pour effectuer des choix \u00e0 l\u2019\u00e9gard de ces cookies.<\/p>\n\n\n\n<p><strong>Du fait d\u2019applications tierces int\u00e9gr\u00e9es \u00e0 notre blog :<\/strong><\/p>\n\n\n\n<ul><li>Nous sommes susceptibles d\u2019inclure sur notre blog, des applications informatiques \u00e9manant de tiers, qui vous permettent de partager des contenus de notre blog avec d\u2019autres personnes ou de faire conna\u00eetre \u00e0 ces autres personnes votre consultation ou votre opinion concernant un contenu de notre blog. Tel est notamment le cas des boutons \u00ab Partager \u00bb, \u00ab J\u2019aime \u00bb, issus de r\u00e9seaux sociaux tels que \u00abFacebook \u00bb, \u00ab Twitter \u00bb, \u00ab Instagram \u00bb. Le r\u00e9seau social fournissant un tel bouton applicatif est susceptible de vous identifier gr\u00e2ce \u00e0 ce bouton, m\u00eame si vous n\u2019avez pas utilis\u00e9 ce bouton lors de votre consultation de notre blog. En effet, ce type de bouton applicatif peut permettre au r\u00e9seau social concern\u00e9 de suivre votre navigation sur notre blog, du seul fait que votre compte au r\u00e9seau social concern\u00e9 \u00e9tait activ\u00e9 sur votre terminal (session ouverte) durant votre navigation sur notre blog.<\/li><li>Nous n\u2019avons aucun contr\u00f4le sur le processus employ\u00e9 par les r\u00e9seaux sociaux pour collecter des informations relatives \u00e0 votre navigation sur notre blog et associ\u00e9es aux donn\u00e9es personnelles dont ils disposent. Nous vous invitons \u00e0 consulter les politiques de protection de la vie priv\u00e9e de ces r\u00e9seaux sociaux afin de prendre connaissance des finalit\u00e9s d\u2019utilisation, notamment publicitaires, des informations de navigation qu\u2019ils peuvent recueillir gr\u00e2ce \u00e0 ces boutons applicatifs. Ces politiques de protection doivent notamment vous permettre d\u2019exercer vos choix aupr\u00e8s de ces r\u00e9seaux sociaux, notamment en param\u00e9trant vos comptes d\u2019utilisation de chacun de ces r\u00e9seaux.<\/li><\/ul>\n\n\n\n<h2>3. Vos choix concernant les cookies<\/h2>\n\n\n\n<p>Plusieurs possibilit\u00e9s vous sont offertes pour g\u00e9rer les cookies. Tout param\u00e9trage que vous pouvez entreprendre sera susceptible de modifier votre navigation sur Internet et notre blog ainsi que vos conditions d\u2019acc\u00e8s \u00e0 certains services n\u00e9cessitant l\u2019utilisation de cookies. Vous pouvez faire le choix \u00e0 tout moment d\u2019exprimer et de modifier vos souhaits en mati\u00e8re de cookies, par les moyens d\u00e9crits ci-dessous.<\/p>\n\n\n\n<p>Les choix qui vous sont offerts par votre logiciel de navigation :<\/p>\n\n\n\n<p>Vous pouvez configurer votre logiciel de navigation de mani\u00e8re \u00e0 ce que des cookies soient enregistr\u00e9s dans votre terminal ou, au contraire, qu\u2019ils soient rejet\u00e9s, soit syst\u00e9matiquement, soit selon leur \u00e9metteur. Vous pouvez \u00e9galement configurer votre logiciel de navigation de mani\u00e8re \u00e0 ce que l\u2019acceptation ou le refus des cookies vous soient propos\u00e9s ponctuellement, avant qu\u2019un cookie soit susceptible d\u2019\u00eatre enregistr\u00e9 dans votre terminal.<\/p>\n\n\n\n<ul><li><strong>a) L\u2019accord sur les cookies<\/strong><\/li><\/ul>\n\n\n\n<p>L\u2019enregistrement d\u2019un cookie dans un terminal est subordonn\u00e9 \u00e0 la volont\u00e9 de l\u2019utilisateur du terminal, que celui-ci peut exprimer et modifier \u00e0 tout moment et gratuitement \u00e0 travers les choix qui lui sont offerts par son logiciel de navigation. Si vous avez accept\u00e9 dans votre logiciel de navigation l\u2019enregistrement de cookies dans votre Terminal, les cookies int\u00e9gr\u00e9s dans les pages et contenus que vous avez consult\u00e9s pourront \u00eatre stock\u00e9s temporairement dans un espace d\u00e9di\u00e9 de votre terminal. Ils y seront lisibles uniquement par leur \u00e9metteur.<\/p>\n\n\n\n<ul><li><strong>b) Le refus des cookies<\/strong><\/li><\/ul>\n\n\n\n<p>Si vous refusez l\u2019enregistrement de cookies dans votre terminal, ou si vous supprimez ceux qui y sont enregistr\u00e9s, vous ne pourrez plus b\u00e9n\u00e9ficier d\u2019un certain nombre de fonctionnalit\u00e9s n\u00e9cessaires pour naviguer dans certains espaces de notre blog. Tel serait le cas si vous tentiez d\u2019acc\u00e9der \u00e0 nos contenus ou services qui n\u00e9cessitent de vous identifier. Tel serait \u00e9galement le cas lorsque nous -ou nos prestataires- ne pourrions pas reconna\u00eetre, \u00e0 des fins de compatibilit\u00e9 technique, le type de navigateur utilis\u00e9 par votre terminal, ses param\u00e8tres de langue et d\u2019affichage ou le pays depuis lequel votre terminal semble connect\u00e9 \u00e0 Internet. Le cas \u00e9ch\u00e9ant, nous d\u00e9clinons toute responsabilit\u00e9 pour les cons\u00e9quences li\u00e9es au fonctionnement d\u00e9grad\u00e9 de nos services r\u00e9sultant de l\u2019impossibilit\u00e9 pour nous d\u2019enregistrer ou de consulter les cookies n\u00e9cessaires \u00e0 leur fonctionnement et que vous auriez refus\u00e9s ou supprim\u00e9s.<\/p>\n\n\n\n<ul><li><strong>c.1) Comment exercer vos choix, selon le navigateur que vous utilisez ?<\/strong><\/li><\/ul>\n\n\n\n<p>Pour la gestion des cookies et de vos choix, la configuration de chaque navigateur est diff\u00e9rente. Elle est d\u00e9crite dans le menu d\u2019aide de votre navigateur, qui vous permettra de savoir de quelle mani\u00e8re modifier vos souhaits en mati\u00e8re de cookies.<\/p>\n\n\n\n<p>\u2013 Pour <a href=\"https:\/\/support.microsoft.com\/en-us\/help\/17442\/windows-internet-explorer-delete-manage-cookies\">Internet Explorer\u2122<\/a><\/p>\n\n\n\n<p>\u2013 Pour <a href=\"https:\/\/support.apple.com\/fr-fr\/HT201265\">Safari\u2122<\/a><\/p>\n\n\n\n<p>\u2013 Pour <a href=\"https:\/\/support.google.com\/chrome\/answer\/95647?hl=fr&amp;hlrm=en\">Chrome\u2122<\/a><\/p>\n\n\n\n<p>\u2013 Pour <a href=\"https:\/\/support.mozilla.org\/fr\/kb\/activer-desactiver-cookies-preferences?redirectlocale=fr&amp;redirectslug=Activer+et+d%C3%A9sactiver+les+cookies\">Firefox\u2122<\/a><\/p>\n\n\n\n<p>\u2013 Pour Opera\u2122<\/p>\n\n\n\n<p>\u2013 etc\u2026<\/p>\n\n\n\n<ul><li><strong>c.2) Refuser un cookie de segmentation d\u2019audience<\/strong><\/li><\/ul>\n\n\n\n<p>Les Cookies de segmentation d\u2019audience sont d\u00e9pos\u00e9s par les soci\u00e9t\u00e9s Nugg.ad, Weborama et Mediarithmics (pour la plateforme Gravity). Si vous ne souhaitez pas que notre blog enregistre des Cookies dans votre navigateur \u00e0 des fins de mesure d\u2019audience et de segmentation, vous pouvez cliquer sur les liens de d\u00e9sactivation suivants qui enregistreront au sein de votre navigateur un Cookie ayant pour unique objet de les d\u00e9sactiver :<\/p>\n\n\n\n<p>\u2013 Pour <a href=\"https:\/\/www.nugg.ad\/fr\/protection-des-donnees\/informations-generales.html\">Nugg Ad<\/a><\/p>\n\n\n\n<p>\u2013 Pour <a href=\"https:\/\/weborama.com\/fr\/respect-de-la-vie-privee\/\">Weborama<\/a><\/p>\n\n\n\n<p>\u2013 Pour <a href=\"https:\/\/www.mediarithmics.com\/en-us\/content\/privacy-policy\" target=\"_blank\" rel=\"noreferrer noopener\">Mediarithmics<\/a><\/p>\n\n\n\n<p>Attention, ces cookies de segmentation permettent de mesurer le trafic ou l\u2019audience, associ\u00e9 \u00e0 notre blog, aux pages visit\u00e9es et aux interactions r\u00e9alis\u00e9es sur le site lors de votre visite. Les d\u00e9sactiver emp\u00eache donc toute collecte d\u2019informations relatives \u00e0 votre navigation sur notre blog et donc la proposition de contenus \u00e9ditoriaux adapt\u00e9s en fonction de votre navigation.<\/p>\n\n\n\n<ul><li><strong>c.3) Refuser un cookie<\/strong> <strong>\u00e9mis par un r\u00e9seau social<\/strong><\/li><\/ul>\n\n\n\n<p>Si vous ne souhaitez pas que notre blog enregistre des cookies dans votre navigateur \u00e0 cette fin, vous pouvez cliquer sur les liens de d\u00e9sactivation suivants qui enregistreront au sein de votre navigateur un cookie ayant pour unique objet de neutraliser l\u2019utilisation des autres cookies provenant d\u2019un m\u00eame \u00e9metteur.<\/p>\n\n\n\n<p>D\u00e9sactiver ces cookies emp\u00eachera donc toute interaction avec le ou les r\u00e9seaux sociaux concern\u00e9s :<\/p>\n\n\n\n<p>\u2013 Pour <a href=\"https:\/\/fr-fr.facebook.com\/policies\/cookies\/\" target=\"_blank\" rel=\"noreferrer noopener\">Facebook<\/a><\/p>\n\n\n\n<p>\u2013 Pour <a href=\"https:\/\/help.twitter.com\/en\/safety-and-security\/twitter-do-not-track?lang=browser\">Twitter<\/a><\/p>\n\n\n\n<p>\u2013 Pour <a href=\"https:\/\/support.google.com\/accounts\/answer\/61416?hl=fr\">Google+<\/a><\/p>\n\n\n\n<p>\u2013 Pour <a href=\"https:\/\/help.instagram.com\/1896641480634370?ref=ig\" target=\"_blank\" rel=\"noreferrer noopener\">Instagram<\/a><\/p>\n\n\n\n<p>\u2013 Pour <a href=\"https:\/\/support.google.com\/accounts\/answer\/61416?hl=fr\">YouTube<\/a><\/p>\n\n\n\n<p>Attention, la prise en compte de vos diff\u00e9rents souhaits repose sur un cookie ou plusieurs cookies d\u00e9termin\u00e9s. Si vous supprimez tous les cookies enregistr\u00e9s au sein de votre terminal concernant notre blog, nous ne saurons plus quel consentement ou quel refus vous avez \u00e9mis. Cela reviendra donc \u00e0 r\u00e9initialiser votre consentement et vous devrez donc \u00e0 nouveau refuser le ou les cookies que vous ne souhaitez pas conserver. De m\u00eame, si vous utilisez un autre navigateur Internet, vous devrez \u00e0 nouveau refuser ces cookies car vos choix, comme les cookies auxquels ils se rapportent, d\u00e9pendent du navigateur et du terminal (ordinateur, tablette, smartphone, etc.) que vous utilisez pour consulter notre blog.<\/p>\n","protected":false},"excerpt":{"rendered":"<p>1. Qu\u2019est-ce qu\u2019un cookie ? Un cookie est un fichier texte susceptible d\u2019\u00eatre enregistr\u00e9, sous r\u00e9serve de vos choix, dans&#8230;<\/p>\n","protected":false},"author":1,"featured_media":0,"parent":0,"menu_order":0,"comment_status":"closed","ping_status":"closed","template":"","meta":[],"_links":{"self":[{"href":"https:\/\/blog.regardsprotestants.com\/lespriteuropeen\/wp-json\/wp\/v2\/pages\/29"}],"collection":[{"href":"https:\/\/blog.regardsprotestants.com\/lespriteuropeen\/wp-json\/wp\/v2\/pages"}],"about":[{"href":"https:\/\/blog.regardsprotestants.com\/lespriteuropeen\/wp-json\/wp\/v2\/types\/page"}],"author":[{"embeddable":true,"href":"https:\/\/blog.regardsprotestants.com\/lespriteuropeen\/wp-json\/wp\/v2\/users\/1"}],"replies":[{"embeddable":true,"href":"https:\/\/blog.regardsprotestants.com\/lespriteuropeen\/wp-json\/wp\/v2\/comments?post=29"}],"version-history":[{"count":2,"href":"https:\/\/blog.regardsprotestants.com\/lespriteuropeen\/wp-json\/wp\/v2\/pages\/29\/revisions"}],"predecessor-version":[{"id":132,"href":"https:\/\/blog.regardsprotestants.com\/lespriteuropeen\/wp-json\/wp\/v2\/pages\/29\/revisions\/132"}],"wp:attachment":[{"href":"https:\/\/blog.regardsprotestants.com\/lespriteuropeen\/wp-json\/wp\/v2\/media?parent=29"}],"curies":[{"name":"wp","href":"https:\/\/api.w.org\/{rel}","templated":true}]}}