{"id":19,"date":"2019-09-02T10:07:54","date_gmt":"2019-09-02T08:07:54","guid":{"rendered":"http:\/\/localhost:8888\/blogs-protestants\/?page_id=19"},"modified":"2019-09-06T16:48:21","modified_gmt":"2019-09-06T14:48:21","slug":"contact","status":"publish","type":"page","link":"https:\/\/blog.regardsprotestants.com\/leblogdedavidgonzalez\/contact\/","title":{"rendered":"Contact"},"content":{"rendered":"<div class=\"frm_forms  with_frm_style frm_style_style-formidable\" id=\"frm_form_1_container\" >\n<form enctype=\"multipart\/form-data\" method=\"post\" class=\"frm-show-form \" id=\"form_contact-form\"  >\n<div class=\"frm_form_fields \">\n<fieldset>\n<legend class=\"frm_screen_reader\">Contact Us<\/legend>\r\n\r\n<div class=\"frm_fields_container\">\n<input type=\"hidden\" name=\"frm_action\" value=\"create\" \/>\n<input type=\"hidden\" name=\"form_id\" value=\"1\" \/>\n<input type=\"hidden\" name=\"frm_hide_fields_1\" id=\"frm_hide_fields_1\" value=\"\" \/>\n<input type=\"hidden\" name=\"form_key\" value=\"contact-form\" \/>\n<input type=\"hidden\" name=\"item_meta[0]\" value=\"\" \/>\n<input type=\"hidden\" id=\"frm_submit_entry_1\" name=\"frm_submit_entry_1\" value=\"9eb11ead7e\" \/><input type=\"hidden\" name=\"_wp_http_referer\" value=\"\/leblogdedavidgonzalez\/wp-json\/wp\/v2\/pages\/19\" \/><div id=\"frm_field_3_container\" class=\"frm_form_field form-field  frm_required_field frm_top_container frm_full\">\r\n    <label for=\"field_29yf4d\" id=\"field_29yf4d_label\" class=\"frm_primary_label\">Email\r\n        <span class=\"frm_required\">*<\/span>\r\n    <\/label>\r\n    <input type=\"email\" id=\"field_29yf4d\" name=\"item_meta[3]\" value=\"\"  data-reqmsg=\"Ce champ ne peut pas \u00eatre vide\" aria-required=\"true\" data-invmsg=\"Please enter a valid email address\" aria-invalid=\"false\"  \/>\r\n    \r\n    \r\n<\/div>\n<div id=\"frm_field_4_container\" class=\"frm_form_field form-field  frm_required_field frm_top_container frm_full\">\r\n    <label for=\"field_e6lis6\" id=\"field_e6lis6_label\" class=\"frm_primary_label\">Objet\r\n        <span class=\"frm_required\">*<\/span>\r\n    <\/label>\r\n    <input type=\"text\" id=\"field_e6lis6\" name=\"item_meta[4]\" value=\"\"  data-reqmsg=\"Ce champ ne peut pas \u00eatre vide\" aria-required=\"true\" data-invmsg=\"Subject est non valide\" aria-invalid=\"false\"  \/>\r\n    \r\n    \r\n<\/div>\n<div id=\"frm_field_5_container\" class=\"frm_form_field form-field  frm_required_field frm_top_container frm_full\">\r\n    <label for=\"field_9jv0r1\" id=\"field_9jv0r1_label\" class=\"frm_primary_label\">Votre message\r\n        <span class=\"frm_required\">*<\/span>\r\n    <\/label>\r\n    <textarea name=\"item_meta[5]\" id=\"field_9jv0r1\" rows=\"5\"  data-reqmsg=\"Ce champ ne peut pas \u00eatre vide\" aria-required=\"true\" data-invmsg=\"Votre message est non valide\" aria-invalid=\"false\"  ><\/textarea>\r\n    \r\n    \r\n<\/div>\n<div id=\"frm_field_6_container\" class=\"frm_form_field form-field  frm_required_field frm_top_container vertical_radio\">\n    <div  id=\"field_q7ree_label\" class=\"frm_primary_label\">Traitement des donn\u00e9es personnelles\n        <span class=\"frm_required\">*<\/span>\n    <\/div>\n    <div class=\"frm_opt_container\" aria-labelledby=\"field_q7ree_label\" role=\"group\">\t\t<div class=\"frm_checkbox\" id=\"frm_checkbox_6-0\"><label for=\"field_q7ree-0\"><input type=\"checkbox\" name=\"item_meta[6][]\" id=\"field_q7ree-0\" value=\"En soumettant ce formulaire, j&#039;accepte que les informations saisies soient exploit\u00e9es par ce blog pour vous re-contacter \u00e0 des fins non-commerciales. Vos donn\u00e9es ne sont pas revendues, ni utilis\u00e9es commercialement. Conform\u00e9ment \u00e0 la loi, vous disposez d&#039;un droit d&#039;acc\u00e8s, de rectifications et d&#039;opposition en contactant rgpd@fondationbersier.fr\"  data-reqmsg=\"Ce champ ne peut pas \u00eatre vide\" data-invmsg=\"Traitement des donn\u00e9es personnelles est non valide\" aria-invalid=\"false\"   \/> En soumettant ce formulaire, j'accepte que les informations saisies soient exploit\u00e9es par ce blog pour vous re-contacter \u00e0 des fins non-commerciales. Vos donn\u00e9es ne sont pas revendues, ni utilis\u00e9es commercialement. Conform\u00e9ment \u00e0 la loi, vous disposez d'un droit d'acc\u00e8s, de rectifications et d'opposition en contactant rgpd@fondationbersier.fr<\/label><\/div>\n<\/div>\n    \n    \n<\/div>\n<input type=\"hidden\" name=\"item_key\" value=\"\" \/>\n\t<div class=\"frm_verify\" >\n\t<label for=\"frm_email_1\">\n\t\tSi vous \u00eates un humain, ne remplissez pas ce champ.\t<\/label>\n\t<input type=\"email\" class=\"frm_verify\" id=\"frm_email_1\" name=\"frm_verify\" value=\"\"  \/>\n<\/div>\n\t\t<div class=\"frm_submit\">\r\n\r\n<button class=\"frm_button_submit\" type=\"submit\"  >Envoyer<\/button>\r\n\r\n<\/div><\/div>\n<\/fieldset>\n<\/div>\n<\/form>\n<\/div>\n\n","protected":false},"excerpt":{"rendered":"","protected":false},"author":1,"featured_media":0,"parent":0,"menu_order":0,"comment_status":"closed","ping_status":"closed","template":"","meta":[],"_links":{"self":[{"href":"https:\/\/blog.regardsprotestants.com\/leblogdedavidgonzalez\/wp-json\/wp\/v2\/pages\/19"}],"collection":[{"href":"https:\/\/blog.regardsprotestants.com\/leblogdedavidgonzalez\/wp-json\/wp\/v2\/pages"}],"about":[{"href":"https:\/\/blog.regardsprotestants.com\/leblogdedavidgonzalez\/wp-json\/wp\/v2\/types\/page"}],"author":[{"embeddable":true,"href":"https:\/\/blog.regardsprotestants.com\/leblogdedavidgonzalez\/wp-json\/wp\/v2\/users\/1"}],"replies":[{"embeddable":true,"href":"https:\/\/blog.regardsprotestants.com\/leblogdedavidgonzalez\/wp-json\/wp\/v2\/comments?post=19"}],"version-history":[{"count":5,"href":"https:\/\/blog.regardsprotestants.com\/leblogdedavidgonzalez\/wp-json\/wp\/v2\/pages\/19\/revisions"}],"predecessor-version":[{"id":116,"href":"https:\/\/blog.regardsprotestants.com\/leblogdedavidgonzalez\/wp-json\/wp\/v2\/pages\/19\/revisions\/116"}],"wp:attachment":[{"href":"https:\/\/blog.regardsprotestants.com\/leblogdedavidgonzalez\/wp-json\/wp\/v2\/media?parent=19"}],"curies":[{"name":"wp","href":"https:\/\/api.w.org\/{rel}","templated":true}]}}